{"id":64,"date":"2023-08-20T17:33:05","date_gmt":"2023-08-20T15:33:05","guid":{"rendered":"https:\/\/et-ergo.fr\/?page_id=64"},"modified":"2023-08-23T16:48:54","modified_gmt":"2023-08-23T14:48:54","slug":"le-cabinet","status":"publish","type":"page","link":"https:\/\/et-ergo.fr\/index.php\/le-cabinet\/","title":{"rendered":"Le cabinet"},"content":{"rendered":"\t\t<div data-elementor-type=\"wp-page\" data-elementor-id=\"64\" class=\"elementor elementor-64\">\n\t\t\t\t\t\t\t\t\t<section class=\"elementor-section elementor-top-section elementor-element elementor-element-0a8598d elementor-section-boxed elementor-section-height-default elementor-section-height-default\" data-id=\"0a8598d\" data-element_type=\"section\">\n\t\t\t\t\t\t<div class=\"elementor-container elementor-column-gap-default\">\n\t\t\t\t\t<div class=\"elementor-column elementor-col-100 elementor-top-column elementor-element elementor-element-46ff104\" data-id=\"46ff104\" data-element_type=\"column\">\n\t\t\t<div class=\"elementor-widget-wrap elementor-element-populated\">\n\t\t\t\t\t\t\t\t<div class=\"elementor-element elementor-element-061e557 elementor-widget elementor-widget-text-editor\" data-id=\"061e557\" data-element_type=\"widget\" data-widget_type=\"text-editor.default\">\n\t\t\t\t<div class=\"elementor-widget-container\">\n\t\t\t<style>\/*! elementor - v3.15.0 - 20-08-2023 *\/\n.elementor-widget-text-editor.elementor-drop-cap-view-stacked .elementor-drop-cap{background-color:#69727d;color:#fff}.elementor-widget-text-editor.elementor-drop-cap-view-framed .elementor-drop-cap{color:#69727d;border:3px solid;background-color:transparent}.elementor-widget-text-editor:not(.elementor-drop-cap-view-default) .elementor-drop-cap{margin-top:8px}.elementor-widget-text-editor:not(.elementor-drop-cap-view-default) .elementor-drop-cap-letter{width:1em;height:1em}.elementor-widget-text-editor .elementor-drop-cap{float:left;text-align:center;line-height:1;font-size:50px}.elementor-widget-text-editor .elementor-drop-cap-letter{display:inline-block}<\/style>\t\t\t\t<p>Le cabinet est situ\u00e9 4 rue de Lisbonne 78990 Elancourt. Il est <span id=\"p4\">accessible aux personnes \u00e0 mobilit\u00e9 r\u00e9duite.<\/span><\/p>\t\t\t\t\t\t<\/div>\n\t\t\t\t<\/div>\n\t\t\t\t\t<\/div>\n\t\t<\/div>\n\t\t\t\t\t\t\t<\/div>\n\t\t<\/section>\n\t\t\t\t<section class=\"elementor-section elementor-top-section elementor-element elementor-element-d29e3a1 elementor-section-boxed elementor-section-height-default elementor-section-height-default\" data-id=\"d29e3a1\" data-element_type=\"section\">\n\t\t\t\t\t\t<div class=\"elementor-container elementor-column-gap-default\">\n\t\t\t\t\t<div class=\"elementor-column elementor-col-100 elementor-top-column elementor-element elementor-element-d07a40b\" data-id=\"d07a40b\" data-element_type=\"column\">\n\t\t\t<div class=\"elementor-widget-wrap elementor-element-populated\">\n\t\t\t\t\t\t\t\t<div class=\"elementor-element elementor-element-32fb9bc elementor-widget elementor-widget-image\" data-id=\"32fb9bc\" data-element_type=\"widget\" data-widget_type=\"image.default\">\n\t\t\t\t<div class=\"elementor-widget-container\">\n\t\t\t<style>\/*! elementor - v3.15.0 - 20-08-2023 *\/\n.elementor-widget-image{text-align:center}.elementor-widget-image a{display:inline-block}.elementor-widget-image a img[src$=\".svg\"]{width:48px}.elementor-widget-image img{vertical-align:middle;display:inline-block}<\/style>\t\t\t\t\t\t\t\t\t\t\t\t<img loading=\"lazy\" decoding=\"async\" width=\"300\" height=\"169\" src=\"https:\/\/et-ergo.fr\/wp-content\/uploads\/2023\/08\/entree-300x169.jpg\" class=\"attachment-medium size-medium wp-image-336\" alt=\"\" srcset=\"https:\/\/et-ergo.fr\/wp-content\/uploads\/2023\/08\/entree-300x169.jpg 300w, https:\/\/et-ergo.fr\/wp-content\/uploads\/2023\/08\/entree-1024x577.jpg 1024w, https:\/\/et-ergo.fr\/wp-content\/uploads\/2023\/08\/entree-768x432.jpg 768w, https:\/\/et-ergo.fr\/wp-content\/uploads\/2023\/08\/entree-1536x865.jpg 1536w, https:\/\/et-ergo.fr\/wp-content\/uploads\/2023\/08\/entree.jpg 2000w\" sizes=\"auto, (max-width: 300px) 100vw, 300px\" \/>\t\t\t\t\t\t\t\t\t\t\t\t\t\t\t<\/div>\n\t\t\t\t<\/div>\n\t\t\t\t\t<\/div>\n\t\t<\/div>\n\t\t\t\t\t\t\t<\/div>\n\t\t<\/section>\n\t\t\t\t<section class=\"elementor-section elementor-top-section elementor-element elementor-element-66d43e5 elementor-section-boxed elementor-section-height-default elementor-section-height-default\" data-id=\"66d43e5\" data-element_type=\"section\">\n\t\t\t\t\t\t<div class=\"elementor-container elementor-column-gap-default\">\n\t\t\t\t\t<div class=\"elementor-column elementor-col-50 elementor-top-column elementor-element elementor-element-8fbe4ad\" data-id=\"8fbe4ad\" data-element_type=\"column\">\n\t\t\t<div class=\"elementor-widget-wrap elementor-element-populated\">\n\t\t\t\t\t\t\t\t<div class=\"elementor-element elementor-element-9865150 elementor-widget elementor-widget-image\" data-id=\"9865150\" data-element_type=\"widget\" data-widget_type=\"image.default\">\n\t\t\t\t<div class=\"elementor-widget-container\">\n\t\t\t\t\t\t\t\t\t\t\t\t\t\t\t<img loading=\"lazy\" decoding=\"async\" width=\"825\" height=\"619\" src=\"https:\/\/et-ergo.fr\/wp-content\/uploads\/2023\/08\/salle-dattente-1024x768.jpg\" class=\"attachment-large size-large wp-image-337\" alt=\"\" srcset=\"https:\/\/et-ergo.fr\/wp-content\/uploads\/2023\/08\/salle-dattente-1024x768.jpg 1024w, https:\/\/et-ergo.fr\/wp-content\/uploads\/2023\/08\/salle-dattente-300x225.jpg 300w, https:\/\/et-ergo.fr\/wp-content\/uploads\/2023\/08\/salle-dattente-768x576.jpg 768w, https:\/\/et-ergo.fr\/wp-content\/uploads\/2023\/08\/salle-dattente-1536x1152.jpg 1536w, https:\/\/et-ergo.fr\/wp-content\/uploads\/2023\/08\/salle-dattente.jpg 1600w\" sizes=\"auto, (max-width: 825px) 100vw, 825px\" \/>\t\t\t\t\t\t\t\t\t\t\t\t\t\t\t<\/div>\n\t\t\t\t<\/div>\n\t\t\t\t\t<\/div>\n\t\t<\/div>\n\t\t\t\t<div class=\"elementor-column elementor-col-50 elementor-top-column elementor-element elementor-element-1632303\" data-id=\"1632303\" data-element_type=\"column\">\n\t\t\t<div class=\"elementor-widget-wrap elementor-element-populated\">\n\t\t\t\t\t\t\t\t<div class=\"elementor-element elementor-element-128ef6a elementor-widget elementor-widget-image\" data-id=\"128ef6a\" data-element_type=\"widget\" data-widget_type=\"image.default\">\n\t\t\t\t<div class=\"elementor-widget-container\">\n\t\t\t\t\t\t\t\t\t\t\t\t\t\t\t<img loading=\"lazy\" decoding=\"async\" width=\"825\" height=\"617\" src=\"https:\/\/et-ergo.fr\/wp-content\/uploads\/2023\/08\/Cabinet-1024x766.jpg\" class=\"attachment-large size-large wp-image-338\" alt=\"\" srcset=\"https:\/\/et-ergo.fr\/wp-content\/uploads\/2023\/08\/Cabinet-1024x766.jpg 1024w, https:\/\/et-ergo.fr\/wp-content\/uploads\/2023\/08\/Cabinet-300x224.jpg 300w, https:\/\/et-ergo.fr\/wp-content\/uploads\/2023\/08\/Cabinet-768x575.jpg 768w, https:\/\/et-ergo.fr\/wp-content\/uploads\/2023\/08\/Cabinet-1536x1149.jpg 1536w, https:\/\/et-ergo.fr\/wp-content\/uploads\/2023\/08\/Cabinet.jpg 1600w\" sizes=\"auto, (max-width: 825px) 100vw, 825px\" \/>\t\t\t\t\t\t\t\t\t\t\t\t\t\t\t<\/div>\n\t\t\t\t<\/div>\n\t\t\t\t\t<\/div>\n\t\t<\/div>\n\t\t\t\t\t\t\t<\/div>\n\t\t<\/section>\n\t\t\t\t<section class=\"elementor-section elementor-top-section elementor-element elementor-element-5bd6ee8 elementor-section-boxed elementor-section-height-default elementor-section-height-default\" data-id=\"5bd6ee8\" data-element_type=\"section\">\n\t\t\t\t\t\t<div class=\"elementor-container elementor-column-gap-default\">\n\t\t\t\t\t<div class=\"elementor-column elementor-col-100 elementor-top-column elementor-element elementor-element-94bd0c9\" data-id=\"94bd0c9\" data-element_type=\"column\">\n\t\t\t<div class=\"elementor-widget-wrap elementor-element-populated\">\n\t\t\t\t\t\t\t\t<div class=\"elementor-element elementor-element-e8921d1 elementor-widget elementor-widget-google_maps\" data-id=\"e8921d1\" data-element_type=\"widget\" data-widget_type=\"google_maps.default\">\n\t\t\t\t<div class=\"elementor-widget-container\">\n\t\t\t<style>\/*! elementor - v3.15.0 - 20-08-2023 *\/\n.elementor-widget-google_maps .elementor-widget-container{overflow:hidden}.elementor-widget-google_maps .elementor-custom-embed{line-height:0}.elementor-widget-google_maps iframe{height:300px}<\/style>\t\t<div class=\"elementor-custom-embed\">\n\t\t\t<iframe loading=\"lazy\"\n\t\t\t\t\tsrc=\"https:\/\/maps.google.com\/maps?q=4%20rue%20de%20lisbonne%2078990%20elancourt&#038;t=m&#038;z=12&#038;output=embed&#038;iwloc=near\"\n\t\t\t\t\ttitle=\"4 rue de lisbonne 78990 elancourt\"\n\t\t\t\t\taria-label=\"4 rue de lisbonne 78990 elancourt\"\n\t\t\t><\/iframe>\n\t\t<\/div>\n\t\t\t\t<\/div>\n\t\t\t\t<\/div>\n\t\t\t\t\t<\/div>\n\t\t<\/div>\n\t\t\t\t\t\t\t<\/div>\n\t\t<\/section>\n\t\t\t\t<section class=\"elementor-section elementor-top-section elementor-element elementor-element-e4766a5 elementor-section-boxed elementor-section-height-default elementor-section-height-default\" data-id=\"e4766a5\" data-element_type=\"section\">\n\t\t\t\t\t\t<div class=\"elementor-container elementor-column-gap-default\">\n\t\t\t\t\t<div class=\"elementor-column elementor-col-100 elementor-top-column elementor-element elementor-element-67beee5\" data-id=\"67beee5\" data-element_type=\"column\">\n\t\t\t<div class=\"elementor-widget-wrap elementor-element-populated\">\n\t\t\t\t\t\t\t\t<div class=\"elementor-element elementor-element-ca32714 elementor-widget elementor-widget-heading\" data-id=\"ca32714\" data-element_type=\"widget\" data-widget_type=\"heading.default\">\n\t\t\t\t<div class=\"elementor-widget-container\">\n\t\t\t<style>\/*! elementor - v3.15.0 - 20-08-2023 *\/\n.elementor-heading-title{padding:0;margin:0;line-height:1}.elementor-widget-heading .elementor-heading-title[class*=elementor-size-]>a{color:inherit;font-size:inherit;line-height:inherit}.elementor-widget-heading .elementor-heading-title.elementor-size-small{font-size:15px}.elementor-widget-heading .elementor-heading-title.elementor-size-medium{font-size:19px}.elementor-widget-heading .elementor-heading-title.elementor-size-large{font-size:29px}.elementor-widget-heading .elementor-heading-title.elementor-size-xl{font-size:39px}.elementor-widget-heading .elementor-heading-title.elementor-size-xxl{font-size:59px}<\/style><h2 class=\"elementor-heading-title elementor-size-default\">Territoire d'intervention<\/h2>\t\t<\/div>\n\t\t\t\t<\/div>\n\t\t\t\t<div class=\"elementor-element elementor-element-4cbf397 elementor-widget elementor-widget-text-editor\" data-id=\"4cbf397\" data-element_type=\"widget\" data-widget_type=\"text-editor.default\">\n\t\t\t\t<div class=\"elementor-widget-container\">\n\t\t\t\t\t\t\t<p>Les s\u00e9ances de r\u00e9\u00e9ducation ont lieu au cabinet \u00e0 Elancourt. Elles peuvent \u00e9galement se d\u00e9rouler sur le lieu scolaire ou \u00e0 domicile selon la localisation.<\/p>\t\t\t\t\t\t<\/div>\n\t\t\t\t<\/div>\n\t\t\t\t<div class=\"elementor-element elementor-element-0e6e5d4 elementor-widget elementor-widget-image\" data-id=\"0e6e5d4\" data-element_type=\"widget\" data-widget_type=\"image.default\">\n\t\t\t\t<div class=\"elementor-widget-container\">\n\t\t\t\t\t\t\t\t\t\t\t\t\t\t\t<img loading=\"lazy\" decoding=\"async\" width=\"825\" height=\"460\" src=\"https:\/\/et-ergo.fr\/wp-content\/uploads\/2023\/08\/Image1.png\" class=\"attachment-large size-large wp-image-240\" alt=\"\" srcset=\"https:\/\/et-ergo.fr\/wp-content\/uploads\/2023\/08\/Image1.png 907w, https:\/\/et-ergo.fr\/wp-content\/uploads\/2023\/08\/Image1-300x167.png 300w, https:\/\/et-ergo.fr\/wp-content\/uploads\/2023\/08\/Image1-768x428.png 768w\" sizes=\"auto, (max-width: 825px) 100vw, 825px\" \/>\t\t\t\t\t\t\t\t\t\t\t\t\t\t\t<\/div>\n\t\t\t\t<\/div>\n\t\t\t\t\t<\/div>\n\t\t<\/div>\n\t\t\t\t\t\t\t<\/div>\n\t\t<\/section>\n\t\t\t\t\t\t\t<\/div>\n\t\t","protected":false},"excerpt":{"rendered":"<p>Cabinet Ergoth\u00e9rapie Elancourt<br \/>\nElodie TAVAN Ergoth\u00e9rapeute<\/p>\n","protected":false},"author":1,"featured_media":0,"parent":0,"menu_order":0,"comment_status":"closed","ping_status":"closed","template":"","meta":{"footnotes":""},"class_list":["post-64","page","type-page","status-publish","hentry","without-featured-image"],"_links":{"self":[{"href":"https:\/\/et-ergo.fr\/index.php\/wp-json\/wp\/v2\/pages\/64","targetHints":{"allow":["GET"]}}],"collection":[{"href":"https:\/\/et-ergo.fr\/index.php\/wp-json\/wp\/v2\/pages"}],"about":[{"href":"https:\/\/et-ergo.fr\/index.php\/wp-json\/wp\/v2\/types\/page"}],"author":[{"embeddable":true,"href":"https:\/\/et-ergo.fr\/index.php\/wp-json\/wp\/v2\/users\/1"}],"replies":[{"embeddable":true,"href":"https:\/\/et-ergo.fr\/index.php\/wp-json\/wp\/v2\/comments?post=64"}],"version-history":[{"count":12,"href":"https:\/\/et-ergo.fr\/index.php\/wp-json\/wp\/v2\/pages\/64\/revisions"}],"predecessor-version":[{"id":341,"href":"https:\/\/et-ergo.fr\/index.php\/wp-json\/wp\/v2\/pages\/64\/revisions\/341"}],"wp:attachment":[{"href":"https:\/\/et-ergo.fr\/index.php\/wp-json\/wp\/v2\/media?parent=64"}],"curies":[{"name":"wp","href":"https:\/\/api.w.org\/{rel}","templated":true}]}}