{"id":47,"date":"2023-08-20T16:52:28","date_gmt":"2023-08-20T14:52:28","guid":{"rendered":"https:\/\/et-ergo.fr\/?page_id=47"},"modified":"2025-08-15T17:52:47","modified_gmt":"2025-08-15T15:52:47","slug":"lequipe-du-cabinet","status":"publish","type":"page","link":"https:\/\/et-ergo.fr\/index.php\/lequipe-du-cabinet\/","title":{"rendered":"L&rsquo;\u00e9quipe du cabinet"},"content":{"rendered":"\t\t<div data-elementor-type=\"wp-page\" data-elementor-id=\"47\" class=\"elementor elementor-47\">\n\t\t\t\t\t\t\t\t\t<section class=\"elementor-section elementor-top-section elementor-element elementor-element-9425101 elementor-section-boxed elementor-section-height-default elementor-section-height-default\" data-id=\"9425101\" data-element_type=\"section\">\n\t\t\t\t\t\t<div class=\"elementor-container elementor-column-gap-default\">\n\t\t\t\t\t<div class=\"elementor-column elementor-col-100 elementor-top-column elementor-element elementor-element-3406e10\" data-id=\"3406e10\" data-element_type=\"column\">\n\t\t\t<div class=\"elementor-widget-wrap elementor-element-populated\">\n\t\t\t\t\t\t\t\t<div class=\"elementor-element elementor-element-16ec62d elementor-widget elementor-widget-heading\" data-id=\"16ec62d\" data-element_type=\"widget\" data-widget_type=\"heading.default\">\n\t\t\t\t<div class=\"elementor-widget-container\">\n\t\t\t<style>\/*! elementor - v3.15.0 - 20-08-2023 *\/\n.elementor-heading-title{padding:0;margin:0;line-height:1}.elementor-widget-heading .elementor-heading-title[class*=elementor-size-]>a{color:inherit;font-size:inherit;line-height:inherit}.elementor-widget-heading .elementor-heading-title.elementor-size-small{font-size:15px}.elementor-widget-heading .elementor-heading-title.elementor-size-medium{font-size:19px}.elementor-widget-heading .elementor-heading-title.elementor-size-large{font-size:29px}.elementor-widget-heading .elementor-heading-title.elementor-size-xl{font-size:39px}.elementor-widget-heading .elementor-heading-title.elementor-size-xxl{font-size:59px}<\/style><h2 class=\"elementor-heading-title elementor-size-default\">Elodie Tavan<\/h2>\t\t<\/div>\n\t\t\t\t<\/div>\n\t\t\t\t\t<\/div>\n\t\t<\/div>\n\t\t\t\t\t\t\t<\/div>\n\t\t<\/section>\n\t\t\t\t<section class=\"elementor-section elementor-top-section elementor-element elementor-element-3114267 elementor-section-boxed elementor-section-height-default elementor-section-height-default\" data-id=\"3114267\" data-element_type=\"section\">\n\t\t\t\t\t\t<div class=\"elementor-container elementor-column-gap-default\">\n\t\t\t\t\t<div class=\"elementor-column elementor-col-50 elementor-top-column elementor-element elementor-element-24640ff\" data-id=\"24640ff\" data-element_type=\"column\">\n\t\t\t<div class=\"elementor-widget-wrap elementor-element-populated\">\n\t\t\t\t\t\t\t\t<div class=\"elementor-element elementor-element-1a2be02 elementor-widget elementor-widget-image\" data-id=\"1a2be02\" data-element_type=\"widget\" data-widget_type=\"image.default\">\n\t\t\t\t<div class=\"elementor-widget-container\">\n\t\t\t<style>\/*! elementor - v3.15.0 - 20-08-2023 *\/\n.elementor-widget-image{text-align:center}.elementor-widget-image a{display:inline-block}.elementor-widget-image a img[src$=\".svg\"]{width:48px}.elementor-widget-image img{vertical-align:middle;display:inline-block}<\/style>\t\t\t\t\t\t\t\t\t\t\t\t<img loading=\"lazy\" decoding=\"async\" width=\"768\" height=\"1152\" src=\"https:\/\/et-ergo.fr\/wp-content\/uploads\/2023\/08\/Photo-site-768x1152.jpg\" class=\"attachment-medium_large size-medium_large wp-image-53\" alt=\"\" srcset=\"https:\/\/et-ergo.fr\/wp-content\/uploads\/2023\/08\/Photo-site-768x1152.jpg 768w, https:\/\/et-ergo.fr\/wp-content\/uploads\/2023\/08\/Photo-site-200x300.jpg 200w, https:\/\/et-ergo.fr\/wp-content\/uploads\/2023\/08\/Photo-site-683x1024.jpg 683w, https:\/\/et-ergo.fr\/wp-content\/uploads\/2023\/08\/Photo-site-1024x1536.jpg 1024w, https:\/\/et-ergo.fr\/wp-content\/uploads\/2023\/08\/Photo-site-scaled.jpg 1707w\" sizes=\"auto, (max-width: 768px) 100vw, 768px\" \/>\t\t\t\t\t\t\t\t\t\t\t\t\t\t\t<\/div>\n\t\t\t\t<\/div>\n\t\t\t\t\t<\/div>\n\t\t<\/div>\n\t\t\t\t<div class=\"elementor-column elementor-col-50 elementor-top-column elementor-element elementor-element-14f6535\" data-id=\"14f6535\" data-element_type=\"column\">\n\t\t\t<div class=\"elementor-widget-wrap elementor-element-populated\">\n\t\t\t\t\t\t\t\t<div class=\"elementor-element elementor-element-c2af1f8 elementor-widget__width-initial elementor-widget elementor-widget-text-editor\" data-id=\"c2af1f8\" data-element_type=\"widget\" data-widget_type=\"text-editor.default\">\n\t\t\t\t<div class=\"elementor-widget-container\">\n\t\t\t<style>\/*! elementor - v3.15.0 - 20-08-2023 *\/\n.elementor-widget-text-editor.elementor-drop-cap-view-stacked .elementor-drop-cap{background-color:#69727d;color:#fff}.elementor-widget-text-editor.elementor-drop-cap-view-framed .elementor-drop-cap{color:#69727d;border:3px solid;background-color:transparent}.elementor-widget-text-editor:not(.elementor-drop-cap-view-default) .elementor-drop-cap{margin-top:8px}.elementor-widget-text-editor:not(.elementor-drop-cap-view-default) .elementor-drop-cap-letter{width:1em;height:1em}.elementor-widget-text-editor .elementor-drop-cap{float:left;text-align:center;line-height:1;font-size:50px}.elementor-widget-text-editor .elementor-drop-cap-letter{display:inline-block}<\/style>\t\t\t\t<p>Je suis ergoth\u00e9rapeute DE, dipl\u00f4m\u00e9e depuis 2021. J&rsquo;exerce depuis janvier 2023 au sein du cabinet d&rsquo;ergoth\u00e9rapie d&rsquo;Elancourt.<\/p>\n<p>J&rsquo;interviens \u00e0 temps plein au cabinet, mais aussi \u00e0 domicile\/\u00e9cole\/coll\u00e8ge.<\/p>\n<p>Je suis \u00e9galement orthop\u00e9diste-orth\u00e9siste depuis d\u00e9cembre 2022. Cela me permet d&rsquo;avoir une vision globale des patients. Je suis sp\u00e9cialis\u00e9e dans le petit appareillage (orth\u00e8se, corset, attelle&#8230;)<\/p>\n<div class=\"corrected-text ng-star-inserted\">\n<div class=\"corrected-text__text\">\n<div class=\"corrected-text__text-detail\">\n<div id=\"textResult\"><span class=\"corrected-phrase corrected-phrase_synonyms-mode ng-star-inserted\" data-end=\"1\" data-originaltext=\"Je\" data-start=\"0\" data-text=\"\"><span class=\"corrected-phrase__displayed-text corrected-phrase__displayed-text_no-correction corrected-phrase__displayed-text_synonyms-mode ng-star-inserted\">Par ailleurs, Je<\/span><\/span> <span class=\"corrected-phrase ng-star-inserted\" data-end=\"6\" data-originaltext=\"fait\" data-start=\"3\" data-text=\"fais\"><span class=\"corrected-phrase__displayed-text corrected-phrase__displayed-text_bubbled\" data-group=\"AutoCorrected\" data-suggestions=\"1\" data-type=\"Grammar\">fais<\/span><\/span> <span class=\"corrected-phrase corrected-phrase_synonyms-mode ng-star-inserted\" data-end=\"23\" data-originaltext=\"partie\" data-start=\"18\" data-text=\"\"><span class=\"corrected-phrase__displayed-text corrected-phrase__displayed-text_no-correction corrected-phrase__displayed-text_synonyms-mode ng-star-inserted\">partie<\/span><\/span> <span class=\"corrected-phrase corrected-phrase_synonyms-mode ng-star-inserted\" data-end=\"27\" data-originaltext=\"des\" data-start=\"25\" data-text=\"\"><span class=\"corrected-phrase__displayed-text corrected-phrase__displayed-text_no-correction corrected-phrase__displayed-text_synonyms-mode ng-star-inserted\">des<\/span><\/span> <span class=\"corrected-phrase corrected-phrase_synonyms-mode ng-star-inserted\" data-end=\"37\" data-originaltext=\"b\u00e9n\u00e9voles\" data-start=\"29\" data-text=\"\"><span class=\"corrected-phrase__displayed-text corrected-phrase__displayed-text_no-correction corrected-phrase__displayed-text_synonyms-mode ng-star-inserted\">b\u00e9n\u00e9voles<\/span><\/span> <span class=\"corrected-phrase corrected-phrase_synonyms-mode ng-star-inserted\" data-end=\"40\" data-originaltext=\"de\" data-start=\"39\" data-text=\"\"><span class=\"corrected-phrase__displayed-text corrected-phrase__displayed-text_no-correction corrected-phrase__displayed-text_synonyms-mode ng-star-inserted\">de<\/span><\/span> <span class=\"corrected-phrase corrected-phrase_synonyms-mode ng-star-inserted\" data-end=\"42\" data-originaltext=\"l\" data-start=\"42\" data-text=\"\"><span class=\"corrected-phrase__displayed-text corrected-phrase__displayed-text_no-correction corrected-phrase__displayed-text_synonyms-mode ng-star-inserted\">l<\/span><\/span><span class=\"corrected-phrase ng-star-inserted\" data-end=\"43\" data-originaltext=\"'\" data-start=\"43\" data-text=\"\"><span class=\"corrected-phrase__displayed-text corrected-phrase__displayed-text_no-correction ng-star-inserted\">&lsquo;<\/span><\/span><span class=\"corrected-phrase corrected-phrase_synonyms-mode ng-star-inserted\" data-end=\"48\" data-originaltext=\"Handi\" data-start=\"44\" data-text=\"\"><span class=\"corrected-phrase__displayed-text corrected-phrase__displayed-text_no-correction corrected-phrase__displayed-text_synonyms-mode ng-star-inserted\">Handi<\/span><\/span> <span class=\"corrected-phrase corrected-phrase_synonyms-mode ng-star-inserted\" data-end=\"53\" data-originaltext=\"judo\" data-start=\"50\" data-text=\"\"><span class=\"corrected-phrase__displayed-text corrected-phrase__displayed-text_no-correction corrected-phrase__displayed-text_synonyms-mode ng-star-inserted\">Judo<\/span><\/span> <span class=\"corrected-phrase corrected-phrase_synonyms-mode ng-star-inserted\" data-end=\"57\" data-originaltext=\"des\" data-start=\"55\" data-text=\"\"><span class=\"corrected-phrase__displayed-text corrected-phrase__displayed-text_no-correction corrected-phrase__displayed-text_synonyms-mode ng-star-inserted\">des<\/span><\/span> <span class=\"corrected-phrase corrected-phrase_synonyms-mode ng-star-inserted\" data-end=\"66\" data-originaltext=\"Yvelines\" data-start=\"59\" data-text=\"\"><span class=\"corrected-phrase__displayed-text corrected-phrase__displayed-text_no-correction corrected-phrase__displayed-text_synonyms-mode ng-star-inserted\">Yvelines<\/span><\/span><span class=\"corrected-phrase ng-star-inserted\" data-end=\"67\" data-originaltext=\".\" data-start=\"67\" data-text=\"\"><span class=\"corrected-phrase__displayed-text corrected-phrase__displayed-text_no-correction ng-star-inserted\">.<\/span><\/span><\/div>\n<\/div>\n<\/div>\n<\/div>\t\t\t\t\t\t<\/div>\n\t\t\t\t<\/div>\n\t\t\t\t\t<\/div>\n\t\t<\/div>\n\t\t\t\t\t\t\t<\/div>\n\t\t<\/section>\n\t\t\t\t<section class=\"elementor-section elementor-top-section elementor-element elementor-element-42c8d93 elementor-section-boxed elementor-section-height-default elementor-section-height-default\" data-id=\"42c8d93\" data-element_type=\"section\">\n\t\t\t\t\t\t<div class=\"elementor-container elementor-column-gap-default\">\n\t\t\t\t\t<div class=\"elementor-column elementor-col-100 elementor-top-column elementor-element elementor-element-da36c04\" data-id=\"da36c04\" data-element_type=\"column\">\n\t\t\t<div class=\"elementor-widget-wrap elementor-element-populated\">\n\t\t\t\t\t\t\t\t<div class=\"elementor-element elementor-element-4ef78b4 elementor-widget elementor-widget-heading\" data-id=\"4ef78b4\" data-element_type=\"widget\" data-widget_type=\"heading.default\">\n\t\t\t\t<div class=\"elementor-widget-container\">\n\t\t\t<h2 class=\"elementor-heading-title elementor-size-default\">Corentin Gouin<\/h2>\t\t<\/div>\n\t\t\t\t<\/div>\n\t\t\t\t\t<\/div>\n\t\t<\/div>\n\t\t\t\t\t\t\t<\/div>\n\t\t<\/section>\n\t\t\t\t<section class=\"elementor-section elementor-top-section elementor-element elementor-element-a6f10d4 elementor-section-boxed elementor-section-height-default elementor-section-height-default\" data-id=\"a6f10d4\" data-element_type=\"section\">\n\t\t\t\t\t\t<div class=\"elementor-container elementor-column-gap-default\">\n\t\t\t\t\t<div class=\"elementor-column elementor-col-50 elementor-top-column elementor-element elementor-element-a1f37a0\" data-id=\"a1f37a0\" data-element_type=\"column\">\n\t\t\t<div class=\"elementor-widget-wrap elementor-element-populated\">\n\t\t\t\t\t\t\t\t<div class=\"elementor-element elementor-element-a02ff6c elementor-widget__width-initial elementor-widget elementor-widget-image\" data-id=\"a02ff6c\" data-element_type=\"widget\" data-widget_type=\"image.default\">\n\t\t\t\t<div class=\"elementor-widget-container\">\n\t\t\t\t\t\t\t\t\t\t\t\t\t\t\t<img loading=\"lazy\" decoding=\"async\" width=\"768\" height=\"1024\" src=\"https:\/\/et-ergo.fr\/wp-content\/uploads\/2024\/07\/Image1-768x1024.jpg\" class=\"attachment-medium_large size-medium_large wp-image-365\" alt=\"\" srcset=\"https:\/\/et-ergo.fr\/wp-content\/uploads\/2024\/07\/Image1-768x1024.jpg 768w, https:\/\/et-ergo.fr\/wp-content\/uploads\/2024\/07\/Image1-225x300.jpg 225w, https:\/\/et-ergo.fr\/wp-content\/uploads\/2024\/07\/Image1.jpg 891w\" sizes=\"auto, (max-width: 768px) 100vw, 768px\" \/>\t\t\t\t\t\t\t\t\t\t\t\t\t\t\t<\/div>\n\t\t\t\t<\/div>\n\t\t\t\t\t<\/div>\n\t\t<\/div>\n\t\t\t\t<div class=\"elementor-column elementor-col-50 elementor-top-column elementor-element elementor-element-f93d280\" data-id=\"f93d280\" data-element_type=\"column\">\n\t\t\t<div class=\"elementor-widget-wrap elementor-element-populated\">\n\t\t\t\t\t\t\t\t<div class=\"elementor-element elementor-element-b3910e9 elementor-widget__width-initial elementor-widget elementor-widget-text-editor\" data-id=\"b3910e9\" data-element_type=\"widget\" data-widget_type=\"text-editor.default\">\n\t\t\t\t<div class=\"elementor-widget-container\">\n\t\t\t\t\t\t\t<p>Je suis Corentin Gouin, dipl\u00f4m\u00e9 en en ergoth\u00e9rapie depuis 2024. J&rsquo;exerce comme ergoth\u00e9rapeute au sein du cabinet d\u2019ergoth\u00e9rapie d\u2019Elancourt.<\/p>\n<p>J&rsquo;interviens \u00e0 temps plein au cabinet, \u00e0 domicile et dans les \u00e9coles ou coll\u00e8ges si besoin.<\/p>\n<p>J\u2019ai \u00e9galement mon Brevet National de S\u00e9curit\u00e9 et de Sauvetage Aquatique.<\/p>\t\t\t\t\t\t<\/div>\n\t\t\t\t<\/div>\n\t\t\t\t\t<\/div>\n\t\t<\/div>\n\t\t\t\t\t\t\t<\/div>\n\t\t<\/section>\n\t\t\t\t<section class=\"elementor-section elementor-top-section elementor-element elementor-element-c4a24a3 elementor-section-boxed elementor-section-height-default elementor-section-height-default\" data-id=\"c4a24a3\" data-element_type=\"section\">\n\t\t\t\t\t\t<div class=\"elementor-container elementor-column-gap-default\">\n\t\t\t\t\t<div class=\"elementor-column elementor-col-100 elementor-top-column elementor-element elementor-element-9836daf\" data-id=\"9836daf\" data-element_type=\"column\">\n\t\t\t<div class=\"elementor-widget-wrap elementor-element-populated\">\n\t\t\t\t\t\t\t\t<div class=\"elementor-element elementor-element-d64bfc2 elementor-widget elementor-widget-heading\" data-id=\"d64bfc2\" data-element_type=\"widget\" data-widget_type=\"heading.default\">\n\t\t\t\t<div class=\"elementor-widget-container\">\n\t\t\t<h2 class=\"elementor-heading-title elementor-size-default\">Am\u00e9lie Descours<\/h2>\t\t<\/div>\n\t\t\t\t<\/div>\n\t\t\t\t\t<\/div>\n\t\t<\/div>\n\t\t\t\t\t\t\t<\/div>\n\t\t<\/section>\n\t\t\t\t<section class=\"elementor-section elementor-top-section elementor-element elementor-element-ccdbe97 elementor-section-boxed elementor-section-height-default elementor-section-height-default\" data-id=\"ccdbe97\" data-element_type=\"section\">\n\t\t\t\t\t\t<div class=\"elementor-container elementor-column-gap-default\">\n\t\t\t\t\t<div class=\"elementor-column elementor-col-50 elementor-top-column elementor-element elementor-element-1c14b58\" data-id=\"1c14b58\" data-element_type=\"column\">\n\t\t\t<div class=\"elementor-widget-wrap elementor-element-populated\">\n\t\t\t\t\t\t\t\t<div class=\"elementor-element elementor-element-8a9fb82 elementor-widget__width-initial elementor-widget elementor-widget-image\" data-id=\"8a9fb82\" data-element_type=\"widget\" data-widget_type=\"image.default\">\n\t\t\t\t<div class=\"elementor-widget-container\">\n\t\t\t\t\t\t\t\t\t\t\t\t\t\t\t<img loading=\"lazy\" decoding=\"async\" width=\"768\" height=\"1037\" src=\"https:\/\/et-ergo.fr\/wp-content\/uploads\/2025\/08\/IMG_4362-768x1037.jpeg\" class=\"attachment-medium_large size-medium_large wp-image-381\" alt=\"\" srcset=\"https:\/\/et-ergo.fr\/wp-content\/uploads\/2025\/08\/IMG_4362-768x1037.jpeg 768w, https:\/\/et-ergo.fr\/wp-content\/uploads\/2025\/08\/IMG_4362-222x300.jpeg 222w, https:\/\/et-ergo.fr\/wp-content\/uploads\/2025\/08\/IMG_4362-758x1024.jpeg 758w, https:\/\/et-ergo.fr\/wp-content\/uploads\/2025\/08\/IMG_4362-1137x1536.jpeg 1137w, https:\/\/et-ergo.fr\/wp-content\/uploads\/2025\/08\/IMG_4362-1516x2048.jpeg 1516w, https:\/\/et-ergo.fr\/wp-content\/uploads\/2025\/08\/IMG_4362.jpeg 1552w\" sizes=\"auto, (max-width: 768px) 100vw, 768px\" \/>\t\t\t\t\t\t\t\t\t\t\t\t\t\t\t<\/div>\n\t\t\t\t<\/div>\n\t\t\t\t\t<\/div>\n\t\t<\/div>\n\t\t\t\t<div class=\"elementor-column elementor-col-50 elementor-top-column elementor-element elementor-element-b7a1335\" data-id=\"b7a1335\" data-element_type=\"column\">\n\t\t\t<div class=\"elementor-widget-wrap elementor-element-populated\">\n\t\t\t\t\t\t\t\t<div class=\"elementor-element elementor-element-49ae6d5 elementor-widget__width-initial elementor-widget elementor-widget-text-editor\" data-id=\"49ae6d5\" data-element_type=\"widget\" data-widget_type=\"text-editor.default\">\n\t\t\t\t<div class=\"elementor-widget-container\">\n\t\t\t\t\t\t\t<p>Je suis Am\u00e9lie Descours, ergoth\u00e9rapeute dipl\u00f4m\u00e9e d\u2019\u00c9tat depuis juillet 2025.\u00a0<\/p><p dir=\"auto\">J\u2019exerce au sein du cabinet d\u2019ergoth\u00e9rapie d\u2019\u00c9lancourt mais aussi \u00e0 domicile, \u00e0 l\u2019\u00e9cole ou au coll\u00e8ge, selon les besoins de chacun.<\/p><p dir=\"auto\">Mon engagement au sein du mouvement Scouts et Guides de France et ma pratique de la danse modern\u2019jazz depuis l\u2019enfance m\u2019ont permis de d\u00e9velopper mon sens de l\u2019\u00e9coute, de l\u2019adaptation et ma cr\u00e9ativit\u00e9.<\/p>\t\t\t\t\t\t<\/div>\n\t\t\t\t<\/div>\n\t\t\t\t\t<\/div>\n\t\t<\/div>\n\t\t\t\t\t\t\t<\/div>\n\t\t<\/section>\n\t\t\t\t\t\t\t<\/div>\n\t\t","protected":false},"excerpt":{"rendered":"<p>Cabinet Ergoth\u00e9rapie Elancourt<br \/>\nElodie TAVAN Ergoth\u00e9rapeute<\/p>\n","protected":false},"author":1,"featured_media":0,"parent":0,"menu_order":0,"comment_status":"closed","ping_status":"closed","template":"","meta":{"footnotes":""},"class_list":["post-47","page","type-page","status-publish","hentry","without-featured-image"],"_links":{"self":[{"href":"https:\/\/et-ergo.fr\/index.php\/wp-json\/wp\/v2\/pages\/47","targetHints":{"allow":["GET"]}}],"collection":[{"href":"https:\/\/et-ergo.fr\/index.php\/wp-json\/wp\/v2\/pages"}],"about":[{"href":"https:\/\/et-ergo.fr\/index.php\/wp-json\/wp\/v2\/types\/page"}],"author":[{"embeddable":true,"href":"https:\/\/et-ergo.fr\/index.php\/wp-json\/wp\/v2\/users\/1"}],"replies":[{"embeddable":true,"href":"https:\/\/et-ergo.fr\/index.php\/wp-json\/wp\/v2\/comments?post=47"}],"version-history":[{"count":29,"href":"https:\/\/et-ergo.fr\/index.php\/wp-json\/wp\/v2\/pages\/47\/revisions"}],"predecessor-version":[{"id":385,"href":"https:\/\/et-ergo.fr\/index.php\/wp-json\/wp\/v2\/pages\/47\/revisions\/385"}],"wp:attachment":[{"href":"https:\/\/et-ergo.fr\/index.php\/wp-json\/wp\/v2\/media?parent=47"}],"curies":[{"name":"wp","href":"https:\/\/api.w.org\/{rel}","templated":true}]}}