{"id":2,"date":"2023-08-20T13:38:38","date_gmt":"2023-08-20T11:38:38","guid":{"rendered":"http:\/\/et-ergo.fr\/?page_id=2"},"modified":"2023-08-21T11:44:04","modified_gmt":"2023-08-21T09:44:04","slug":"page-d-exemple","status":"publish","type":"page","link":"https:\/\/et-ergo.fr\/index.php\/page-d-exemple\/","title":{"rendered":"L&rsquo;ergoth\u00e9rapie"},"content":{"rendered":"\t\t<div data-elementor-type=\"wp-page\" data-elementor-id=\"2\" class=\"elementor elementor-2\">\n\t\t\t\t\t\t\t\t\t<section class=\"elementor-section elementor-top-section elementor-element elementor-element-15b969e0 elementor-section-boxed elementor-section-height-default elementor-section-height-default\" data-id=\"15b969e0\" data-element_type=\"section\">\n\t\t\t\t\t\t<div class=\"elementor-container elementor-column-gap-default\">\n\t\t\t\t\t<div class=\"elementor-column elementor-col-100 elementor-top-column elementor-element elementor-element-5385f759\" data-id=\"5385f759\" data-element_type=\"column\">\n\t\t\t<div class=\"elementor-widget-wrap elementor-element-populated\">\n\t\t\t\t\t\t\t\t<div class=\"elementor-element elementor-element-6a3336c9 elementor-widget elementor-widget-text-editor\" data-id=\"6a3336c9\" data-element_type=\"widget\" data-widget_type=\"text-editor.default\">\n\t\t\t\t<div class=\"elementor-widget-container\">\n\t\t\t<style>\/*! elementor - v3.15.0 - 20-08-2023 *\/\n.elementor-widget-text-editor.elementor-drop-cap-view-stacked .elementor-drop-cap{background-color:#69727d;color:#fff}.elementor-widget-text-editor.elementor-drop-cap-view-framed .elementor-drop-cap{color:#69727d;border:3px solid;background-color:transparent}.elementor-widget-text-editor:not(.elementor-drop-cap-view-default) .elementor-drop-cap{margin-top:8px}.elementor-widget-text-editor:not(.elementor-drop-cap-view-default) .elementor-drop-cap-letter{width:1em;height:1em}.elementor-widget-text-editor .elementor-drop-cap{float:left;text-align:center;line-height:1;font-size:50px}.elementor-widget-text-editor .elementor-drop-cap-letter{display:inline-block}<\/style>\t\t\t\t<p>L\u2019ergoth\u00e9rapeute est un <strong>professionnel param\u00e9dical<\/strong> qui exerce dans le domaine de la <strong>r\u00e9\u00e9ducation<\/strong>, de la <strong>r\u00e9adaptation<\/strong> et de la <strong>r\u00e9habilitation<\/strong>.<\/p>\n<p><!-- \/wp:paragraph --><!-- wp:paragraph --><\/p>\n<ul>\n<li>Il \u00e9value les int\u00e9grit\u00e9s, les l\u00e9sions, les capacit\u00e9s de la personne ainsi que ses performances motrices, sensorielles, cognitives, psychiques.<\/li>\n<\/ul>\n<p><!-- \/wp:paragraph --><!-- wp:paragraph --><\/p>\n<ul>\n<li>Il analyse les besoins, les habitudes de vie, les facteurs environnementaux, les situations de handicap et pose un diagnostic ergoth\u00e9rapique.<\/li>\n<\/ul>\n<p><!-- \/wp:paragraph --><!-- wp:paragraph --><\/p>\n<ul>\n<li>Il met en \u0153uvre des soins et des interventions de pr\u00e9vention, d\u2019\u00e9ducation th\u00e9rapeutique, de r\u00e9\u00e9ducation, de r\u00e9adaptation, de r\u00e9insertion et de r\u00e9habilitation psychosociale visant \u00e0 r\u00e9duire et compenser les alt\u00e9rations et les limitations d\u2019activit\u00e9, d\u00e9velopper, restaurer et maintenir l\u2019ind\u00e9pendance, l\u2019autonomie et l\u2019implication sociale de la personne.<\/li>\n<\/ul>\n<p><!-- \/wp:paragraph --><!-- wp:paragraph --><\/p>\n<ul>\n<li>Il con\u00e7oit des environnements de mani\u00e8re s\u00e9curis\u00e9e, accessible, adapt\u00e9e, \u00e9volutive et durable. Afin de favoriser la participation de la personne dans son milieu de vie, il pr\u00e9conise des aides techniques et des assistances technologiques, des aides humaines, des aides animali\u00e8res et des modifications mat\u00e9rielles.<\/li>\n<\/ul>\n<p><!-- \/wp:paragraph --><!-- wp:paragraph --><\/p>\n<ul>\n<li>Il pr\u00e9conise et utilise des appareillages de s\u00e9rie, con\u00e7oit et r\u00e9alise du petit appareillage, provisoire, extemporan\u00e9. \u2022 Il entra\u00eene les personnes \u00e0 leur utilisation.<\/li>\n<\/ul>\n<p><!-- \/wp:paragraph --><\/p>\t\t\t\t\t\t<\/div>\n\t\t\t\t<\/div>\n\t\t\t\t\t<\/div>\n\t\t<\/div>\n\t\t\t\t\t\t\t<\/div>\n\t\t<\/section>\n\t\t\t\t<section class=\"elementor-section elementor-top-section elementor-element elementor-element-b8ebe41 elementor-section-boxed elementor-section-height-default elementor-section-height-default\" data-id=\"b8ebe41\" data-element_type=\"section\">\n\t\t\t\t\t\t<div class=\"elementor-container elementor-column-gap-default\">\n\t\t\t\t\t<div class=\"elementor-column elementor-col-33 elementor-top-column elementor-element elementor-element-4221da6\" data-id=\"4221da6\" data-element_type=\"column\">\n\t\t\t<div class=\"elementor-widget-wrap elementor-element-populated\">\n\t\t\t\t\t\t\t\t<div class=\"elementor-element elementor-element-b977b9a elementor-widget elementor-widget-image\" data-id=\"b977b9a\" data-element_type=\"widget\" data-widget_type=\"image.default\">\n\t\t\t\t<div class=\"elementor-widget-container\">\n\t\t\t<style>\/*! elementor - v3.15.0 - 20-08-2023 *\/\n.elementor-widget-image{text-align:center}.elementor-widget-image a{display:inline-block}.elementor-widget-image a img[src$=\".svg\"]{width:48px}.elementor-widget-image img{vertical-align:middle;display:inline-block}<\/style>\t\t\t\t\t\t\t\t\t\t\t\t<img loading=\"lazy\" decoding=\"async\" width=\"825\" height=\"549\" src=\"https:\/\/et-ergo.fr\/wp-content\/uploads\/2023\/08\/blocks-503109_1280-1-1024x681.jpg\" class=\"attachment-large size-large wp-image-174\" alt=\"\" srcset=\"https:\/\/et-ergo.fr\/wp-content\/uploads\/2023\/08\/blocks-503109_1280-1-1024x681.jpg 1024w, https:\/\/et-ergo.fr\/wp-content\/uploads\/2023\/08\/blocks-503109_1280-1-300x199.jpg 300w, https:\/\/et-ergo.fr\/wp-content\/uploads\/2023\/08\/blocks-503109_1280-1-768x511.jpg 768w, https:\/\/et-ergo.fr\/wp-content\/uploads\/2023\/08\/blocks-503109_1280-1.jpg 1280w\" sizes=\"auto, (max-width: 825px) 100vw, 825px\" \/>\t\t\t\t\t\t\t\t\t\t\t\t\t\t\t<\/div>\n\t\t\t\t<\/div>\n\t\t\t\t\t<\/div>\n\t\t<\/div>\n\t\t\t\t<div class=\"elementor-column elementor-col-33 elementor-top-column elementor-element elementor-element-24f43cf\" data-id=\"24f43cf\" data-element_type=\"column\">\n\t\t\t<div class=\"elementor-widget-wrap elementor-element-populated\">\n\t\t\t\t\t\t\t\t<div class=\"elementor-element elementor-element-329706c elementor-widget elementor-widget-image\" data-id=\"329706c\" data-element_type=\"widget\" data-widget_type=\"image.default\">\n\t\t\t\t<div class=\"elementor-widget-container\">\n\t\t\t\t\t\t\t\t\t\t\t\t\t\t\t<img loading=\"lazy\" decoding=\"async\" width=\"825\" height=\"549\" src=\"https:\/\/et-ergo.fr\/wp-content\/uploads\/2023\/08\/child-865116_1280-1024x682.jpg\" class=\"attachment-large size-large wp-image-176\" alt=\"\" srcset=\"https:\/\/et-ergo.fr\/wp-content\/uploads\/2023\/08\/child-865116_1280-1024x682.jpg 1024w, https:\/\/et-ergo.fr\/wp-content\/uploads\/2023\/08\/child-865116_1280-300x200.jpg 300w, https:\/\/et-ergo.fr\/wp-content\/uploads\/2023\/08\/child-865116_1280-768x512.jpg 768w, https:\/\/et-ergo.fr\/wp-content\/uploads\/2023\/08\/child-865116_1280.jpg 1280w\" sizes=\"auto, (max-width: 825px) 100vw, 825px\" \/>\t\t\t\t\t\t\t\t\t\t\t\t\t\t\t<\/div>\n\t\t\t\t<\/div>\n\t\t\t\t\t<\/div>\n\t\t<\/div>\n\t\t\t\t<div class=\"elementor-column elementor-col-33 elementor-top-column elementor-element elementor-element-13bc47e\" data-id=\"13bc47e\" data-element_type=\"column\">\n\t\t\t<div class=\"elementor-widget-wrap elementor-element-populated\">\n\t\t\t\t\t\t\t\t<div class=\"elementor-element elementor-element-78f2600 elementor-widget elementor-widget-image\" data-id=\"78f2600\" data-element_type=\"widget\" data-widget_type=\"image.default\">\n\t\t\t\t<div class=\"elementor-widget-container\">\n\t\t\t\t\t\t\t\t\t\t\t\t\t\t\t<img loading=\"lazy\" decoding=\"async\" width=\"825\" height=\"549\" src=\"https:\/\/et-ergo.fr\/wp-content\/uploads\/2023\/08\/wheelchair-749985_1280-1024x682.jpg\" class=\"attachment-large size-large wp-image-175\" alt=\"\" srcset=\"https:\/\/et-ergo.fr\/wp-content\/uploads\/2023\/08\/wheelchair-749985_1280-1024x682.jpg 1024w, https:\/\/et-ergo.fr\/wp-content\/uploads\/2023\/08\/wheelchair-749985_1280-300x200.jpg 300w, https:\/\/et-ergo.fr\/wp-content\/uploads\/2023\/08\/wheelchair-749985_1280-768x512.jpg 768w, https:\/\/et-ergo.fr\/wp-content\/uploads\/2023\/08\/wheelchair-749985_1280.jpg 1280w\" sizes=\"auto, (max-width: 825px) 100vw, 825px\" \/>\t\t\t\t\t\t\t\t\t\t\t\t\t\t\t<\/div>\n\t\t\t\t<\/div>\n\t\t\t\t\t<\/div>\n\t\t<\/div>\n\t\t\t\t\t\t\t<\/div>\n\t\t<\/section>\n\t\t\t\t\t\t\t<\/div>\n\t\t","protected":false},"excerpt":{"rendered":"<p>L\u2019ergoth\u00e9rapeute est un professionnel param\u00e9dical qui exerce dans le domaine de la r\u00e9\u00e9ducation, de la r\u00e9adaptation et de la r\u00e9habilitation. Il \u00e9value les int\u00e9grit\u00e9s, les l\u00e9sions, les capacit\u00e9s de la personne ainsi que ses performances motrices, sensorielles, cognitives, psychiques. Il analyse les besoins, les habitudes de vie, les facteurs environnementaux, les situations de handicap et&hellip; <a href=\"https:\/\/et-ergo.fr\/index.php\/page-d-exemple\/\" class=\"more-link\">Lire la suite <span class=\"screen-reader-text\">L&rsquo;ergoth\u00e9rapie<\/span><\/a><\/p>\n","protected":false},"author":1,"featured_media":0,"parent":0,"menu_order":0,"comment_status":"closed","ping_status":"open","template":"","meta":{"footnotes":""},"class_list":["post-2","page","type-page","status-publish","hentry","without-featured-image"],"_links":{"self":[{"href":"https:\/\/et-ergo.fr\/index.php\/wp-json\/wp\/v2\/pages\/2","targetHints":{"allow":["GET"]}}],"collection":[{"href":"https:\/\/et-ergo.fr\/index.php\/wp-json\/wp\/v2\/pages"}],"about":[{"href":"https:\/\/et-ergo.fr\/index.php\/wp-json\/wp\/v2\/types\/page"}],"author":[{"embeddable":true,"href":"https:\/\/et-ergo.fr\/index.php\/wp-json\/wp\/v2\/users\/1"}],"replies":[{"embeddable":true,"href":"https:\/\/et-ergo.fr\/index.php\/wp-json\/wp\/v2\/comments?post=2"}],"version-history":[{"count":7,"href":"https:\/\/et-ergo.fr\/index.php\/wp-json\/wp\/v2\/pages\/2\/revisions"}],"predecessor-version":[{"id":193,"href":"https:\/\/et-ergo.fr\/index.php\/wp-json\/wp\/v2\/pages\/2\/revisions\/193"}],"wp:attachment":[{"href":"https:\/\/et-ergo.fr\/index.php\/wp-json\/wp\/v2\/media?parent=2"}],"curies":[{"name":"wp","href":"https:\/\/api.w.org\/{rel}","templated":true}]}}